{"id":11,"date":"2023-11-29T14:36:44","date_gmt":"2023-11-29T13:36:44","guid":{"rendered":"https:\/\/comte-baltique-amour.fr\/?page_id=11"},"modified":"2026-03-27T15:49:26","modified_gmt":"2026-03-27T14:49:26","slug":"comte-baltique-amour-2","status":"publish","type":"page","link":"https:\/\/comte-baltique-amour.fr\/index.php\/comte-baltique-amour-2\/","title":{"rendered":"C\u041e\u041c\u0422\u0415-BALTIQUE-AMOUR"},"content":{"rendered":"\n<h1 class=\"wp-block-heading has-text-align-center\"><strong>\u041a\u041e\u041d\u0422\u0415-\u0411\u0410\u041b\u0422\u0418\u041a-\u0410\u041c\u0423\u0420<\/strong><\/h1>\n\n\n\n<p><\/p>\n\n\n\n<h3 class=\"wp-block-heading\" id=\"1455559502\">Association bisontine \u00e0 vocation apolitique\u00a0pour des \u00e9changes culturels et linguistiques d&rsquo;amiti\u00e9 avec les Peuples de l&rsquo;ex-Urss.<\/h3>\n\n\n\n<h4 class=\"wp-block-heading\" id=\"1757489460\">&nbsp;Elle a pour but&nbsp;:<\/h4>\n\n\n\n<p>&#8211; d\u2019am\u00e9liorer la connaissance mutuelle du peuple fran\u00e7ais et des Peuples de l&rsquo;ex-Urss.<\/p>\n\n\n\n<p>&#8211; de favoriser la promotion de la langue et de la culture russe en France et notamment en Bourgogne-Franche-Comt\u00e9.&nbsp;<\/p>\n\n\n\n<p>Le nom Comt\u00e9 Baltique Amour&nbsp; manifeste notre profond d\u00e9sir de coop\u00e9rer avec toute la Russie depuis la mer Baltique jusqu&rsquo;au fleuve Amour&nbsp;( Sib\u00e9rie). et la Communaut\u00e9 des&nbsp;\u00c9tats Ind\u00e9pendants &nbsp;(C.E.I.) <\/p>\n\n\n\n<p>\u00ab\u00a0<em><strong>Cette coop\u00e9ration est un facteur essentiel de maintien de la paix sur le continent europ\u00e9en et dans le monde.<\/strong><\/em>\u00ab\u00a0<\/p>\n\n\n\n<p>L&rsquo;association Comt\u00e9 Baltique Amour fait partie d&rsquo;un r\u00e9seau qui f\u00e9d\u00e8re une dizaine d&rsquo;associations locales et d\u00e9partementales en France regroup\u00e9es dans l&rsquo;Union Nationale France-Russie-C.E.I. et peuples russophones dont le si\u00e8ge est situ\u00e9 \u00e0 Vitry sur Seine&nbsp;(94400).&nbsp;<\/p>\n\n\n\n<p>Anne de Kiev&nbsp;a \u00e9t\u00e9 la premi\u00e8re princesse slave a \u00e9pouser le Roi de France Henri 1er en 1051 \u2026 Quelques si\u00e8cles plus tard, l&rsquo;association Comt\u00e9 Baltique Amour, continue \u00e0 d\u00e9velopper les contacts et les partenariats entre la France et la Russie.<\/p>\n\n\n\n<p>25 avril 1996&nbsp;: l&rsquo;association Comt\u00e9 Baltique Amour&nbsp;est \u00e0 l&rsquo;origine du jumelage entre les villes de Besan\u00e7on et de Tver qui se situe \u00e0 160 km au nord ouest de Moscou. Une charte d&rsquo;amiti\u00e9 avait \u00e9t\u00e9 sign\u00e9e le 24 juin 1988.<\/p>\n\n\n\n<figure class=\"wp-block-image size-full\"><img fetchpriority=\"high\" decoding=\"async\" width=\"250\" height=\"330\" src=\"http:\/\/comte-baltique-amour.fr\/wp-content\/uploads\/2024\/02\/eglisedel-IntercessiondelaViergesurlaNerl-640w-1.jpg\" alt=\"\" class=\"wp-image-225\"\/><\/figure>\n\n\n\n<p><\/p>\n","protected":false},"excerpt":{"rendered":"<p>\u041a\u041e\u041d\u0422\u0415-\u0411\u0410\u041b\u0422\u0418\u041a-\u0410\u041c\u0423\u0420 Association bisontine \u00e0 vocation apolitique\u00a0pour des \u00e9changes culturels et linguistiques d&rsquo;amiti\u00e9 avec les Peuples de l&rsquo;ex-Urss. &nbsp;Elle a pour but&nbsp;: &#8211; d\u2019am\u00e9liorer la connaissance mutuelle du peuple fran\u00e7ais et des Peuples de l&rsquo;ex-Urss. &#8211; de favoriser la promotion de la langue et de la culture russe en France et notamment en Bourgogne-Franche-Comt\u00e9.&nbsp; Le nom &hellip; <\/p>\n<p class=\"link-more\"><a href=\"https:\/\/comte-baltique-amour.fr\/index.php\/comte-baltique-amour-2\/\" class=\"more-link\">Continuer la lecture<span class=\"screen-reader-text\"> de &laquo;&nbsp;C\u041e\u041c\u0422\u0415-BALTIQUE-AMOUR&nbsp;&raquo;<\/span><\/a><\/p>\n","protected":false},"author":1,"featured_media":178,"parent":0,"menu_order":0,"comment_status":"closed","ping_status":"closed","template":"","meta":{"footnotes":""},"class_list":["post-11","page","type-page","status-publish","has-post-thumbnail","hentry"],"_links":{"self":[{"href":"https:\/\/comte-baltique-amour.fr\/index.php\/wp-json\/wp\/v2\/pages\/11","targetHints":{"allow":["GET"]}}],"collection":[{"href":"https:\/\/comte-baltique-amour.fr\/index.php\/wp-json\/wp\/v2\/pages"}],"about":[{"href":"https:\/\/comte-baltique-amour.fr\/index.php\/wp-json\/wp\/v2\/types\/page"}],"author":[{"embeddable":true,"href":"https:\/\/comte-baltique-amour.fr\/index.php\/wp-json\/wp\/v2\/users\/1"}],"replies":[{"embeddable":true,"href":"https:\/\/comte-baltique-amour.fr\/index.php\/wp-json\/wp\/v2\/comments?post=11"}],"version-history":[{"count":14,"href":"https:\/\/comte-baltique-amour.fr\/index.php\/wp-json\/wp\/v2\/pages\/11\/revisions"}],"predecessor-version":[{"id":898,"href":"https:\/\/comte-baltique-amour.fr\/index.php\/wp-json\/wp\/v2\/pages\/11\/revisions\/898"}],"wp:featuredmedia":[{"embeddable":true,"href":"https:\/\/comte-baltique-amour.fr\/index.php\/wp-json\/wp\/v2\/media\/178"}],"wp:attachment":[{"href":"https:\/\/comte-baltique-amour.fr\/index.php\/wp-json\/wp\/v2\/media?parent=11"}],"curies":[{"name":"wp","href":"https:\/\/api.w.org\/{rel}","templated":true}]}}