{"id":246,"date":"2024-02-23T16:37:15","date_gmt":"2024-02-23T15:37:15","guid":{"rendered":"https:\/\/comte-baltique-amour.fr\/?page_id=246"},"modified":"2024-09-28T22:25:07","modified_gmt":"2024-09-28T20:25:07","slug":"voyages","status":"publish","type":"page","link":"https:\/\/comte-baltique-amour.fr\/index.php\/voyages\/","title":{"rendered":"VOYAGES"},"content":{"rendered":"\n<h2 class=\"wp-block-heading has-x-large-font-size\">Le Kirghizistan<\/h2>\n\n\n\n<p>Septembre 2024<\/p>\n\n\n\n<p>Je suis all\u00e9e au Kirghizistan en septembre 2024.<\/p>\n\n\n\n<p>Le temps fut beau. C&rsquo;est un tr\u00e8s, tr\u00e8s beau voyage et un tr\u00e8s, tr\u00e8s curieux pays avec des beaut\u00e9s inattendues ! Une nature extraordinaire !<\/p>\n\n\n\n<figure class=\"wp-block-image size-large\"><img fetchpriority=\"high\" decoding=\"async\" width=\"768\" height=\"1024\" src=\"https:\/\/comte-baltique-amour.fr\/wp-content\/uploads\/2024\/09\/IMG1285A111-768x1024.jpg\" alt=\"\" class=\"wp-image-441\" srcset=\"https:\/\/comte-baltique-amour.fr\/wp-content\/uploads\/2024\/09\/IMG1285A111-768x1024.jpg 768w, https:\/\/comte-baltique-amour.fr\/wp-content\/uploads\/2024\/09\/IMG1285A111-225x300.jpg 225w, https:\/\/comte-baltique-amour.fr\/wp-content\/uploads\/2024\/09\/IMG1285A111-1152x1536.jpg 1152w, https:\/\/comte-baltique-amour.fr\/wp-content\/uploads\/2024\/09\/IMG1285A111.jpg 1200w\" sizes=\"(max-width: 767px) 89vw, (max-width: 1000px) 54vw, (max-width: 1071px) 543px, 580px\" \/><\/figure>\n\n\n\n<p class=\"has-small-font-size\">Le col des trente-deux virages. 900m de d\u00e9nivel\u00e9<\/p>\n\n\n\n<p><em>Les montagnes <\/em>sont de toutes les couleurs et de toutes les formes : escarp\u00e9es, dentel\u00e9es, parfois lac\u00e9r\u00e9es et elles sont blanches sur les hauteurs parce que couvertes de neige et plus pr\u00e8s de nous elles sont marrons, violettes, rouges, oranges, beiges, violac\u00e9es et encore plus pr\u00e8s de nous, vertes car couvertes d&rsquo;herbes.<\/p>\n\n\n\n<figure class=\"wp-block-image size-large\"><img decoding=\"async\" width=\"768\" height=\"1024\" src=\"https:\/\/comte-baltique-amour.fr\/wp-content\/uploads\/2024\/09\/IMG1282A11-768x1024.jpg\" alt=\"\" class=\"wp-image-433\" srcset=\"https:\/\/comte-baltique-amour.fr\/wp-content\/uploads\/2024\/09\/IMG1282A11-768x1024.jpg 768w, https:\/\/comte-baltique-amour.fr\/wp-content\/uploads\/2024\/09\/IMG1282A11-225x300.jpg 225w, https:\/\/comte-baltique-amour.fr\/wp-content\/uploads\/2024\/09\/IMG1282A11-1152x1536.jpg 1152w, https:\/\/comte-baltique-amour.fr\/wp-content\/uploads\/2024\/09\/IMG1282A11.jpg 1200w\" sizes=\"(max-width: 767px) 89vw, (max-width: 1000px) 54vw, (max-width: 1071px) 543px, 580px\" \/><\/figure>\n\n\n\n<p>L<em>es visites sont bien dos\u00e9es<\/em>&nbsp;: mus\u00e9e p\u00e9dagogiques et bien pr\u00e9sent\u00e9s, villes construites pour certaines \u00e0 l&rsquo;\u00e9poque sovi\u00e9tique et rest\u00e9es telles quelles, donc int\u00e9ressantes \u00e0 voir pour les professeurs de russe que nous sommes ; Karakol \u00e0 l&rsquo;est du lac Issik Kol (nord est du Kirghizistan) est une sorte de far west sovi\u00e9tique avec des rues \u00ab\u00a0bien align\u00e9es faites sur le mod\u00e8le de celles de St P\u00e9tersbourg\u00a0\u00bb, petite ville pleine de charme d\u00e9suet&#8230;<\/p>\n\n\n\n<p>Le Kirghizistan est un pays tr\u00e8s propre, les gens sont pr\u00e9venants, apparemment bien organis\u00e9s et travailleurs ; ils tiennent \u00e0 d\u00e9velopper le tourisme.<\/p>\n\n\n\n<figure class=\"wp-block-image size-large\"><img decoding=\"async\" width=\"1024\" height=\"768\" src=\"https:\/\/comte-baltique-amour.fr\/wp-content\/uploads\/2024\/09\/IMG1280A11-1024x768.jpg\" alt=\"\" class=\"wp-image-435\" srcset=\"https:\/\/comte-baltique-amour.fr\/wp-content\/uploads\/2024\/09\/IMG1280A11-1024x768.jpg 1024w, https:\/\/comte-baltique-amour.fr\/wp-content\/uploads\/2024\/09\/IMG1280A11-300x225.jpg 300w, https:\/\/comte-baltique-amour.fr\/wp-content\/uploads\/2024\/09\/IMG1280A11-768x576.jpg 768w, https:\/\/comte-baltique-amour.fr\/wp-content\/uploads\/2024\/09\/IMG1280A11-1536x1152.jpg 1536w, https:\/\/comte-baltique-amour.fr\/wp-content\/uploads\/2024\/09\/IMG1280A11.jpg 1600w\" sizes=\"(max-width: 767px) 89vw, (max-width: 1000px) 54vw, (max-width: 1071px) 543px, 580px\" \/><\/figure>\n\n\n\n<p><em>Au march\u00e9<\/em>&nbsp;o\u00f9 l&rsquo;on trouve toutes sortes de l\u00e9gumes et de fruits : fraises, framboises, abricots, nectarines, p\u00eaches, melons jaunes et verts, past\u00e8ques, vous pouvez payer directement avec votre t\u00e9l\u00e9phone ! Modernit\u00e9 oblige ! (march\u00e9 d&rsquo;Osh \u00e0 Bichkek, la capitale).<\/p>\n\n\n\n<figure class=\"wp-block-image size-large\"><img loading=\"lazy\" decoding=\"async\" width=\"768\" height=\"1024\" src=\"https:\/\/comte-baltique-amour.fr\/wp-content\/uploads\/2024\/09\/IMG1281A11-768x1024.jpg\" alt=\"\" class=\"wp-image-438\" srcset=\"https:\/\/comte-baltique-amour.fr\/wp-content\/uploads\/2024\/09\/IMG1281A11-768x1024.jpg 768w, https:\/\/comte-baltique-amour.fr\/wp-content\/uploads\/2024\/09\/IMG1281A11-225x300.jpg 225w, https:\/\/comte-baltique-amour.fr\/wp-content\/uploads\/2024\/09\/IMG1281A11-1152x1536.jpg 1152w, https:\/\/comte-baltique-amour.fr\/wp-content\/uploads\/2024\/09\/IMG1281A11.jpg 1200w\" sizes=\"(max-width: 767px) 89vw, (max-width: 1000px) 54vw, (max-width: 1071px) 543px, 580px\" \/><\/figure>\n\n\n\n<p class=\"has-small-font-size\">Restes de l&rsquo;URSS : Un L\u00e9nine en or !<\/p>\n\n\n\n<p><em>Les h\u00f4tels sont en fait des entreprises familiale<\/em>s : les maisons ont \u00e9t\u00e9 construites par les grands-parents puis agrandies, d\u00e9cor\u00e9e avec go\u00fbt de tableaux, les jardins de fleurs et les enfants et petits enfants ont repris, modernis\u00e9. La maitresse de maison (la grand-m\u00e8re) se pique de nous recevoir et accueille chaque touriste.<\/p>\n\n\n\n<p>&nbsp;Dans les montagnes les yourtes (voir le lac Song Kol, 3200m) sont accueillantes, confortables et les repas suivent ; tout est pos\u00e9 sur la table en m\u00eame temps. : confitures faites maison, salades vari\u00e9es, galettes de pain rondes. A vous de choisir si vous voulez commencer par le dessert !! <em>Tout est fait maison<\/em>&nbsp;m\u00eame les p\u00e2tes (macaronis).<\/p>\n\n\n\n<figure class=\"wp-block-image size-large\"><img loading=\"lazy\" decoding=\"async\" width=\"768\" height=\"1024\" src=\"https:\/\/comte-baltique-amour.fr\/wp-content\/uploads\/2024\/09\/IMG1275A11-768x1024.jpg\" alt=\"\" class=\"wp-image-434\" srcset=\"https:\/\/comte-baltique-amour.fr\/wp-content\/uploads\/2024\/09\/IMG1275A11-768x1024.jpg 768w, https:\/\/comte-baltique-amour.fr\/wp-content\/uploads\/2024\/09\/IMG1275A11-225x300.jpg 225w, https:\/\/comte-baltique-amour.fr\/wp-content\/uploads\/2024\/09\/IMG1275A11-1152x1536.jpg 1152w, https:\/\/comte-baltique-amour.fr\/wp-content\/uploads\/2024\/09\/IMG1275A11.jpg 1200w\" sizes=\"(max-width: 767px) 89vw, (max-width: 1000px) 54vw, (max-width: 1071px) 543px, 580px\" \/><\/figure>\n\n\n\n<p><em>P<u>ays origina<\/u><\/em>l : nous avons visit\u00e9 le march\u00e9 aux bestiaux o\u00f9 l&rsquo;on voit des brebis beiges, marrons, presque blanches aux flancs charg\u00e9s de boules de graisse qui donnera un bon go\u00fbt aux plats cuisin\u00e9s. Les <em>chevaux<\/em>&nbsp;ont l&rsquo;air rac\u00e9s et ont des pattes tr\u00e8s fines. Les kirghizes mangent&nbsp;beaucoup de viande et du cheval aussi.<\/p>\n\n\n\n<p>Nous avons assist\u00e9 \u00e0 une<em>&nbsp;chasse \u00e0 l&rsquo;aigle<\/em>&nbsp;(coutume bien <em>nomade<\/em>) avec un aigle dress\u00e9 par son ma\u00eetre durant 10 ans; il se prom\u00e8ne dans les for\u00eats et chasse avec son aigle ; l&rsquo;envergure des ailes d\u00e9ploy\u00e9es : 3 m.<\/p>\n\n\n\n<p>.<\/p>\n\n\n\n<p>D\u00e9but septembre il a neig\u00e9 dans les montagnes ; <em>la transhumance <\/em>a commenc\u00e9 et nous avons rencontr\u00e9 beaucoup de b\u00e9tail sur nos routes, accompagn\u00e9 d&rsquo;hommes \u00e0 cheval ; les vaches faisaient fi de notre grande Toyota blanche, mais les chevaux s&rsquo;\u00e9cartaient !<\/p>\n\n\n\n<p>5O% des kirghizes pratiquent la religion musulmane ; peu de femmes voil\u00e9es. Reste de chamanisme.<\/p>\n\n\n\n<figure class=\"wp-block-image size-large\"><img loading=\"lazy\" decoding=\"async\" width=\"1024\" height=\"768\" src=\"https:\/\/comte-baltique-amour.fr\/wp-content\/uploads\/2024\/09\/IMG1279A11-1024x768.jpg\" alt=\"\" class=\"wp-image-436\" srcset=\"https:\/\/comte-baltique-amour.fr\/wp-content\/uploads\/2024\/09\/IMG1279A11-1024x768.jpg 1024w, https:\/\/comte-baltique-amour.fr\/wp-content\/uploads\/2024\/09\/IMG1279A11-300x225.jpg 300w, https:\/\/comte-baltique-amour.fr\/wp-content\/uploads\/2024\/09\/IMG1279A11-768x576.jpg 768w, https:\/\/comte-baltique-amour.fr\/wp-content\/uploads\/2024\/09\/IMG1279A11-1536x1152.jpg 1536w, https:\/\/comte-baltique-amour.fr\/wp-content\/uploads\/2024\/09\/IMG1279A11.jpg 1600w\" sizes=\"(max-width: 767px) 89vw, (max-width: 1000px) 54vw, (max-width: 1071px) 543px, 580px\" \/><\/figure>\n\n\n\n<p>2 langues officielles ; le russe et le kirghize (langue turcique).<\/p>\n\n\n\n<p>Merci \u00e0 notre jeune guide Ulan, comp\u00e9tent et cultiv\u00e9 qui a choy\u00e9 les babouchkas (bab<strong><u>ou<\/u><\/strong>li) que nous sommes.<\/p>\n\n\n\n<p>Valentine Grosjean<\/p>\n\n\n\n<p><\/p>\n","protected":false},"excerpt":{"rendered":"<p>Le Kirghizistan Septembre 2024 Je suis all\u00e9e au Kirghizistan en septembre 2024. Le temps fut beau. C&rsquo;est un tr\u00e8s, tr\u00e8s beau voyage et un tr\u00e8s, tr\u00e8s curieux pays avec des beaut\u00e9s inattendues ! Une nature extraordinaire ! Le col des trente-deux virages. 900m de d\u00e9nivel\u00e9 Les montagnes sont de toutes les couleurs et de toutes &hellip; <\/p>\n<p class=\"link-more\"><a href=\"https:\/\/comte-baltique-amour.fr\/index.php\/voyages\/\" class=\"more-link\">Continuer la lecture<span class=\"screen-reader-text\"> de &laquo;&nbsp;VOYAGES&nbsp;&raquo;<\/span><\/a><\/p>\n","protected":false},"author":1,"featured_media":0,"parent":0,"menu_order":0,"comment_status":"closed","ping_status":"closed","template":"","meta":{"footnotes":""},"class_list":["post-246","page","type-page","status-publish","hentry"],"_links":{"self":[{"href":"https:\/\/comte-baltique-amour.fr\/index.php\/wp-json\/wp\/v2\/pages\/246","targetHints":{"allow":["GET"]}}],"collection":[{"href":"https:\/\/comte-baltique-amour.fr\/index.php\/wp-json\/wp\/v2\/pages"}],"about":[{"href":"https:\/\/comte-baltique-amour.fr\/index.php\/wp-json\/wp\/v2\/types\/page"}],"author":[{"embeddable":true,"href":"https:\/\/comte-baltique-amour.fr\/index.php\/wp-json\/wp\/v2\/users\/1"}],"replies":[{"embeddable":true,"href":"https:\/\/comte-baltique-amour.fr\/index.php\/wp-json\/wp\/v2\/comments?post=246"}],"version-history":[{"count":9,"href":"https:\/\/comte-baltique-amour.fr\/index.php\/wp-json\/wp\/v2\/pages\/246\/revisions"}],"predecessor-version":[{"id":442,"href":"https:\/\/comte-baltique-amour.fr\/index.php\/wp-json\/wp\/v2\/pages\/246\/revisions\/442"}],"wp:attachment":[{"href":"https:\/\/comte-baltique-amour.fr\/index.php\/wp-json\/wp\/v2\/media?parent=246"}],"curies":[{"name":"wp","href":"https:\/\/api.w.org\/{rel}","templated":true}]}}