{"id":399,"date":"2024-03-01T16:10:37","date_gmt":"2024-03-01T15:10:37","guid":{"rendered":"https:\/\/comte-baltique-amour.fr\/?page_id=399"},"modified":"2024-03-01T16:23:28","modified_gmt":"2024-03-01T15:23:28","slug":"contact","status":"publish","type":"page","link":"https:\/\/comte-baltique-amour.fr\/index.php\/contact\/","title":{"rendered":"CONTACT"},"content":{"rendered":"\n<p>Pr\u00e9sidente : Valentine Grosjean  <a href=\"mailto:svalgro@hotmail.com\" target=\"_blank\" rel=\"noreferrer noopener\">svalgro@hotmail.com<\/a>  06 30 93 75 14<\/p>\n\n\n\n<p>Adresse courrier : Centre Mend\u00e8s France 3, rue Beauregard 25000 Besan\u00e7on<\/p>\n\n\n\n<p>Adh\u00e9sion annuelle : 30 euros,   pour les couples : 50euros et pour les \u00e9tudiants et ch\u00f4meurs : 10 euros<\/p>\n","protected":false},"excerpt":{"rendered":"<p>Pr\u00e9sidente : Valentine Grosjean svalgro@hotmail.com 06 30 93 75 14 Adresse courrier : Centre Mend\u00e8s France 3, rue Beauregard 25000 Besan\u00e7on Adh\u00e9sion annuelle : 30 euros, pour les couples : 50euros et pour les \u00e9tudiants et ch\u00f4meurs : 10 euros<\/p>\n","protected":false},"author":1,"featured_media":0,"parent":0,"menu_order":0,"comment_status":"closed","ping_status":"closed","template":"","meta":{"footnotes":""},"class_list":["post-399","page","type-page","status-publish","hentry"],"_links":{"self":[{"href":"https:\/\/comte-baltique-amour.fr\/index.php\/wp-json\/wp\/v2\/pages\/399","targetHints":{"allow":["GET"]}}],"collection":[{"href":"https:\/\/comte-baltique-amour.fr\/index.php\/wp-json\/wp\/v2\/pages"}],"about":[{"href":"https:\/\/comte-baltique-amour.fr\/index.php\/wp-json\/wp\/v2\/types\/page"}],"author":[{"embeddable":true,"href":"https:\/\/comte-baltique-amour.fr\/index.php\/wp-json\/wp\/v2\/users\/1"}],"replies":[{"embeddable":true,"href":"https:\/\/comte-baltique-amour.fr\/index.php\/wp-json\/wp\/v2\/comments?post=399"}],"version-history":[{"count":2,"href":"https:\/\/comte-baltique-amour.fr\/index.php\/wp-json\/wp\/v2\/pages\/399\/revisions"}],"predecessor-version":[{"id":403,"href":"https:\/\/comte-baltique-amour.fr\/index.php\/wp-json\/wp\/v2\/pages\/399\/revisions\/403"}],"wp:attachment":[{"href":"https:\/\/comte-baltique-amour.fr\/index.php\/wp-json\/wp\/v2\/media?parent=399"}],"curies":[{"name":"wp","href":"https:\/\/api.w.org\/{rel}","templated":true}]}}