{"id":404,"date":"2024-03-01T16:39:00","date_gmt":"2024-03-01T15:39:00","guid":{"rendered":"https:\/\/comte-baltique-amour.fr\/?page_id=404"},"modified":"2024-12-03T18:41:53","modified_gmt":"2024-12-03T17:41:53","slug":"anciens-voyages","status":"publish","type":"page","link":"https:\/\/comte-baltique-amour.fr\/index.php\/anciens-voyages\/","title":{"rendered":"ANCIENS VOYAGES"},"content":{"rendered":"\n<p><strong>La Russie inconnue<\/strong> : visitons la Bouriatie ( lac Ba\u00efkal), l&rsquo;Alta\u00ef, La Tchouvachie, Taganrog, le Caucase (Tch\u00e9tch\u00e9nie, Ingouchie)<\/p>\n\n\n\n<p>Le r\u00e9alisateur : <a href=\"https:\/\/www.youtube.com\/results?search_query=films+de+philippe+b+tristan\">Philippe B. TRISTAN<\/a>                       Le reportage ; Valentine GROSJEAN<\/p>\n\n\n\n<p><a href=\"https:\/\/www.youtube.com\/watch?v=ex7ZP5JjqzU\"><strong>2018 &#8211; Lac Ba\u00efkal et R\u00e9publique de Bouriatie<\/strong><\/a><\/p>\n\n\n\n<p><strong><a href=\"https:\/\/www.youtube.com\/watch?v=4taJQ1FgqLo\">2022 &#8211; L&rsquo;Alta\u00ef<\/a><\/strong><\/p>\n\n\n\n<p><strong><a href=\"https:\/\/www.youtube.com\/watch?v=3JvUpA7I7IA\">2022 &#8211; Ciel blanc \u00e0 Tcheboksary<\/a><\/strong><\/p>\n\n\n\n<p><strong><a href=\"https:\/\/www.youtube.com\/watch?v=Cy3QzKq1jwQ\">2022 &#8211; R\u00e9publiques caucasiennes de Russie<\/a><\/strong><\/p>\n\n\n\n<p><strong><a href=\"https:\/\/www.youtube.com\/watch?v=y2tsW1LM-zE\">2022 &#8211; Fin d&rsquo;\u00e9t\u00e9 \u00e0 Taganrog<\/a><\/strong><\/p>\n\n\n\n<blockquote class=\"wp-block-quote is-layout-flow wp-block-quote-is-layout-flow\"><\/blockquote>\n","protected":false},"excerpt":{"rendered":"<p>La Russie inconnue : visitons la Bouriatie ( lac Ba\u00efkal), l&rsquo;Alta\u00ef, La Tchouvachie, Taganrog, le Caucase (Tch\u00e9tch\u00e9nie, Ingouchie) Le r\u00e9alisateur : Philippe B. TRISTAN Le reportage ; Valentine GROSJEAN 2018 &#8211; Lac Ba\u00efkal et R\u00e9publique de Bouriatie 2022 &#8211; L&rsquo;Alta\u00ef 2022 &#8211; Ciel blanc \u00e0 Tcheboksary 2022 &#8211; R\u00e9publiques caucasiennes de Russie 2022 &#8211; Fin &hellip; <\/p>\n<p class=\"link-more\"><a href=\"https:\/\/comte-baltique-amour.fr\/index.php\/anciens-voyages\/\" class=\"more-link\">Continuer la lecture<span class=\"screen-reader-text\"> de &laquo;&nbsp;ANCIENS VOYAGES&nbsp;&raquo;<\/span><\/a><\/p>\n","protected":false},"author":1,"featured_media":0,"parent":0,"menu_order":0,"comment_status":"closed","ping_status":"closed","template":"","meta":{"footnotes":""},"class_list":["post-404","page","type-page","status-publish","hentry"],"_links":{"self":[{"href":"https:\/\/comte-baltique-amour.fr\/index.php\/wp-json\/wp\/v2\/pages\/404","targetHints":{"allow":["GET"]}}],"collection":[{"href":"https:\/\/comte-baltique-amour.fr\/index.php\/wp-json\/wp\/v2\/pages"}],"about":[{"href":"https:\/\/comte-baltique-amour.fr\/index.php\/wp-json\/wp\/v2\/types\/page"}],"author":[{"embeddable":true,"href":"https:\/\/comte-baltique-amour.fr\/index.php\/wp-json\/wp\/v2\/users\/1"}],"replies":[{"embeddable":true,"href":"https:\/\/comte-baltique-amour.fr\/index.php\/wp-json\/wp\/v2\/comments?post=404"}],"version-history":[{"count":11,"href":"https:\/\/comte-baltique-amour.fr\/index.php\/wp-json\/wp\/v2\/pages\/404\/revisions"}],"predecessor-version":[{"id":471,"href":"https:\/\/comte-baltique-amour.fr\/index.php\/wp-json\/wp\/v2\/pages\/404\/revisions\/471"}],"wp:attachment":[{"href":"https:\/\/comte-baltique-amour.fr\/index.php\/wp-json\/wp\/v2\/media?parent=404"}],"curies":[{"name":"wp","href":"https:\/\/api.w.org\/{rel}","templated":true}]}}