{"id":863,"date":"2025-03-13T22:59:43","date_gmt":"2025-03-13T21:59:43","guid":{"rendered":"https:\/\/comte-baltique-amour.fr\/?page_id=863"},"modified":"2025-03-13T22:59:43","modified_gmt":"2025-03-13T21:59:43","slug":"article-de-jean-radvany-sur-le-site-de-la-societe-de-geographie","status":"publish","type":"page","link":"https:\/\/comte-baltique-amour.fr\/index.php\/article-de-jean-radvany-sur-le-site-de-la-societe-de-geographie\/","title":{"rendered":"Article de Jean RADVANY sur le site de la Soci\u00e9t\u00e9 de G\u00e9ographie"},"content":{"rendered":"\n<p><a href=\"https:\/\/socgeo.com\/2024\/02\/14\/moscou-janvier-2024-une-capitale-paisible-dans-un-monde-en-guerre-par-jean-radvanyi\/\">https:\/\/socgeo.com\/2024\/02\/14\/moscou-janvier-2024-une-capitale-paisible-dans-un-monde-en-guerre-par-jean-radvanyi\/<\/a><\/p>\n","protected":false},"excerpt":{"rendered":"<p>https:\/\/socgeo.com\/2024\/02\/14\/moscou-janvier-2024-une-capitale-paisible-dans-un-monde-en-guerre-par-jean-radvanyi\/<\/p>\n","protected":false},"author":1,"featured_media":0,"parent":0,"menu_order":0,"comment_status":"closed","ping_status":"closed","template":"","meta":{"footnotes":""},"class_list":["post-863","page","type-page","status-publish","hentry"],"_links":{"self":[{"href":"https:\/\/comte-baltique-amour.fr\/index.php\/wp-json\/wp\/v2\/pages\/863","targetHints":{"allow":["GET"]}}],"collection":[{"href":"https:\/\/comte-baltique-amour.fr\/index.php\/wp-json\/wp\/v2\/pages"}],"about":[{"href":"https:\/\/comte-baltique-amour.fr\/index.php\/wp-json\/wp\/v2\/types\/page"}],"author":[{"embeddable":true,"href":"https:\/\/comte-baltique-amour.fr\/index.php\/wp-json\/wp\/v2\/users\/1"}],"replies":[{"embeddable":true,"href":"https:\/\/comte-baltique-amour.fr\/index.php\/wp-json\/wp\/v2\/comments?post=863"}],"version-history":[{"count":1,"href":"https:\/\/comte-baltique-amour.fr\/index.php\/wp-json\/wp\/v2\/pages\/863\/revisions"}],"predecessor-version":[{"id":864,"href":"https:\/\/comte-baltique-amour.fr\/index.php\/wp-json\/wp\/v2\/pages\/863\/revisions\/864"}],"wp:attachment":[{"href":"https:\/\/comte-baltique-amour.fr\/index.php\/wp-json\/wp\/v2\/media?parent=863"}],"curies":[{"name":"wp","href":"https:\/\/api.w.org\/{rel}","templated":true}]}}