{"id":870,"date":"2025-06-06T12:12:35","date_gmt":"2025-06-06T10:12:35","guid":{"rendered":"https:\/\/comte-baltique-amour.fr\/?page_id=870"},"modified":"2025-06-11T11:22:31","modified_gmt":"2025-06-11T09:22:31","slug":"humanitaire-en-ukraine-lviv","status":"publish","type":"page","link":"https:\/\/comte-baltique-amour.fr\/index.php\/humanitaire-en-ukraine-lviv\/","title":{"rendered":"Humanitaire en Ukraine : LVIV"},"content":{"rendered":"\n<p><\/p>\n\n\n\n<p><\/p>\n\n\n\n<figure class=\"wp-block-image size-large\"><img fetchpriority=\"high\" decoding=\"async\" width=\"1024\" height=\"768\" src=\"http:\/\/comte-baltique-amour.fr\/wp-content\/uploads\/2025\/06\/DSCN0880-1024x768.jpg\" alt=\"\" class=\"wp-image-868\" srcset=\"https:\/\/comte-baltique-amour.fr\/wp-content\/uploads\/2025\/06\/DSCN0880-1024x768.jpg 1024w, https:\/\/comte-baltique-amour.fr\/wp-content\/uploads\/2025\/06\/DSCN0880-300x225.jpg 300w, https:\/\/comte-baltique-amour.fr\/wp-content\/uploads\/2025\/06\/DSCN0880-768x576.jpg 768w, https:\/\/comte-baltique-amour.fr\/wp-content\/uploads\/2025\/06\/DSCN0880-1536x1152.jpg 1536w, https:\/\/comte-baltique-amour.fr\/wp-content\/uploads\/2025\/06\/DSCN0880-2048x1536.jpg 2048w\" sizes=\"(max-width: 767px) 89vw, (max-width: 1000px) 54vw, (max-width: 1071px) 543px, 580px\" \/><\/figure>\n\n\n\n<p>Je suis partie comme interpr\u00e8te en polono-russo-ukrainien avec <strong>Convois Solidaires de Franche-Comt\u00e9<\/strong> et ai r\u00e9ussi \u00e0 faire traverser la fronti\u00e8re polono-ukrainienne apr\u00e8s 1 heure d&rsquo;attente (au lieu des 10 heures annonc\u00e9es) aux 6 v\u00e9hicules qui se dirigeaient essentiellement \u00e0 <strong>Odessa<\/strong> pour livrer du mat\u00e9riel de secours \u00e0 un h\u00f4pital de cette ville, \u00e9loign\u00e9e de <strong>Lviv<\/strong> de 8OO km o\u00f9 les convoyeurs m&rsquo;ont laiss\u00e9e.<\/p>\n\n\n\n<p><strong>Lviv<\/strong> se trouve seulement \u00e0 90 km de la fronti\u00e8re polonaise tout \u00e0 l&rsquo;ouest de l&rsquo;Ukraine. (en russe <strong>Lvov<\/strong>)<\/p>\n\n\n\n<p>Dans l&rsquo;article de Hebdo (voir scan ci-dessous) il est dit qu&rsquo;une personne \u00e2g\u00e9e a \u00e9t\u00e9 d\u00e9barqu\u00e9e \u00e0 <strong>Lviv<\/strong> (il s&rsquo;agit de votre serviteur), afin qu&rsquo;elle rencontre ses cousins (<em>les cousins sont morts, Dieu ait leurs \u00e2mes ; en fait il s&rsquo;agit de leurs fils -mes neveux- que je verrai \u00a0\u00bb pour la derni\u00e8re fois \u00ab\u00a0. <\/em><em>P<\/em><em>ourquoi : \u00a0\u00bb pour la derni\u00e8re fois \u00a0\u00bb ??? \u2026 <\/em><em>I<\/em><em>l faut le demander aux journalistes !!!).<\/em><\/p>\n\n\n\n<p><strong>Lviv<\/strong> est une ville n\u00e9e au 13e si\u00e8cle inscrite au patrimoine mondial par l&rsquo;Unesco. Elle s&rsquo;appela <strong>Lemberg<\/strong> (empire austro hongrois) et <strong>Lwow<\/strong> (quand elle fut polonaise). Le fameux cimeti\u00e8re <strong>Litchakovski<\/strong> date du 18e si\u00e8cle et les polonais ont \u00e9rig\u00e9 des statues magnifiques au dessus de chaque tombe (voir mes premi\u00e8res photos sur le site <a href=\"https:\/\/comte-baltique-amour.fr\/\" target=\"_blank\" rel=\"noreferrer noopener\"><em><strong>comte-baltique-amour.fr<\/strong><\/em><\/a>). Polonais, autrichiens et ukrainiens y furent inhum\u00e9s.&nbsp;<\/p>\n\n\n\n<p>L&rsquo;architecture de la ville est d&rsquo;influence austro-hongroise surtout les b\u00e2timents du centre ville dont les fen\u00eatres sont surmont\u00e9es de sculptures magnifiques (voir photos site). La ville est truff\u00e9e d&rsquo;\u00e9glises gr\u00e9co-catholiques d&rsquo;architecture diff\u00e9rente dont l&rsquo;\u00e9glise Ste Marie des Neiges du 15\u00e8me si\u00e8cle (photos site). C&rsquo;\u00e9tait la f\u00eate de P\u00e2que orthodoxe (qui cette ann\u00e9e fut \u00e0 la m\u00eame date que la P\u00e2que catholique -une histoire de lune-) et la ville \u00e9tait en liesse : les \u00e9glises illumin\u00e9es toute la nuit, les magasins abondamment fournis et qui proposaient surtout la <strong>Paskha<\/strong> (le g\u00e2teau de P\u00e2ques qui ressemble un peu \u00e0 un panettone italien)&nbsp; ; les produits vendus sont de qualit\u00e9.<\/p>\n\n\n\n<p>On ne sent pas la guerre dit mon neveu qui est venu de <strong>Kiev<\/strong> pour me voir, <strong>Kiiv<\/strong> o\u00f9 tout est calfeutr\u00e9 et peu \u00e9clair\u00e9.<\/p>\n\n\n\n<p>A <strong>Lvov<\/strong> quelques points font penser \u00e0 la guerre&nbsp; :<\/p>\n\n\n\n<p>&nbsp;-Tous les matins \u00e0 9 h tout s&rsquo;arr\u00eate dans la ville pour faire une minute de silence pour les soldats morts ou bless\u00e9s.<\/p>\n\n\n\n<p>&#8211; A la limite de <strong>Lvov<\/strong>, derri\u00e8re le cimeti\u00e8re <strong>Litchakovski<\/strong> une plaine immense o\u00f9 \u00e0 perte de vue on voit sur des kilom\u00e8tres des tombes surmont\u00e9es de petits drapeaux (voir site).<\/p>\n\n\n\n<p>-Quelques fois on entend une petite sir\u00e8ne : des miliciens ouvre la voie dans les rues de la ville pour convoyer des petits corbillards qui roulent les uns derri\u00e8re les autres.<\/p>\n\n\n\n<p>&#8211; De tr\u00e8s nombreux \u00e9tudiants font leurs \u00e9tudes \u00e0 <strong>Lviv<\/strong>, ville universitaire par excellence ; ils viennent de partout, de <strong>Kiev<\/strong>, <strong>Donetsk<\/strong>, <strong>Lougansk<\/strong> ou <strong>d&rsquo;Odessa<\/strong>. Toutes les \u00e9tudes se font en ukrainien car dans la r\u00e9gion de <strong>Lviv<\/strong> on a toujours parl\u00e9 cette langue alors que \u00e0 <strong>Kiev<\/strong>, <strong>Odessa<\/strong> ou <strong>Kharkov<\/strong> on parle le russe. Mes neveux sont enseignants \u00e0 l&rsquo;Universit\u00e9 polytechnique. Partout les consignes sont : en cas d&rsquo;alerte descendre avec ses \u00e9tudiants ou ses \u00e9l\u00e8ves dans les caves et les abris; mais il n&rsquo;y a pas eu d&rsquo;alertes (et tr\u00e8s peu \u00e0 <strong>Lviv<\/strong> maintenant).<\/p>\n\n\n\n<p>Beaucoup d&rsquo;ukrainiens se sont r\u00e9fugi\u00e9s \u00e0 <strong>Lviv<\/strong> pour rester dans le pays car c&rsquo;est une r\u00e9gion dite \u00ab\u00a0s\u00fbre\u00a0\u00bb qui abrite h\u00f4pitaux o\u00f9 l&rsquo;on soigne les bless\u00e9s gravement atteints, m\u00e9decins comp\u00e9tents, \u00e9tudiants, r\u00e9fugi\u00e9s ukrainiens&#8230;<\/p>\n\n\n\n<p>&nbsp; &nbsp; &nbsp; Merci \u00e0 <strong>Lviv<\/strong> de m&rsquo;avoir accueillie dans le calme et la beaut\u00e9.<\/p>\n\n\n\n<p>Hors des villes, dans les campagnes, la pauvret\u00e9 peut \u00eatre extr\u00eame disent les chauffeurs des Convois Solidaires (surtout entre <strong>Ouman<\/strong> et <strong>Odessa<\/strong>, lieux o\u00f9 ils sont pass\u00e9s.)<\/p>\n\n\n\n<p><strong>Valentine Grosjean. 06-2025<\/strong><\/p>\n\n\n\n<figure class=\"wp-block-image size-large\"><img decoding=\"async\" width=\"1024\" height=\"453\" src=\"https:\/\/comte-baltique-amour.fr\/wp-content\/uploads\/2025\/06\/Carte-du-trajet-1024x453.jpg\" alt=\"\" class=\"wp-image-879\" srcset=\"https:\/\/comte-baltique-amour.fr\/wp-content\/uploads\/2025\/06\/Carte-du-trajet-1024x453.jpg 1024w, https:\/\/comte-baltique-amour.fr\/wp-content\/uploads\/2025\/06\/Carte-du-trajet-300x133.jpg 300w, https:\/\/comte-baltique-amour.fr\/wp-content\/uploads\/2025\/06\/Carte-du-trajet-768x340.jpg 768w, https:\/\/comte-baltique-amour.fr\/wp-content\/uploads\/2025\/06\/Carte-du-trajet.jpg 1185w\" sizes=\"(max-width: 767px) 89vw, (max-width: 1000px) 54vw, (max-width: 1071px) 543px, 580px\" \/><\/figure>\n\n\n\n<figure class=\"wp-block-image size-large\"><img decoding=\"async\" width=\"1024\" height=\"725\" src=\"http:\/\/comte-baltique-amour.fr\/wp-content\/uploads\/2025\/06\/Article-Hebdo-Besac-Voyage-Ukraine-de-Valentine-3-1024x725.jpg\" alt=\"\" class=\"wp-image-885\" style=\"aspect-ratio:1\" srcset=\"https:\/\/comte-baltique-amour.fr\/wp-content\/uploads\/2025\/06\/Article-Hebdo-Besac-Voyage-Ukraine-de-Valentine-3-1024x725.jpg 1024w, https:\/\/comte-baltique-amour.fr\/wp-content\/uploads\/2025\/06\/Article-Hebdo-Besac-Voyage-Ukraine-de-Valentine-3-300x212.jpg 300w, https:\/\/comte-baltique-amour.fr\/wp-content\/uploads\/2025\/06\/Article-Hebdo-Besac-Voyage-Ukraine-de-Valentine-3-768x544.jpg 768w, https:\/\/comte-baltique-amour.fr\/wp-content\/uploads\/2025\/06\/Article-Hebdo-Besac-Voyage-Ukraine-de-Valentine-3-1536x1087.jpg 1536w\" sizes=\"(max-width: 767px) 89vw, (max-width: 1000px) 54vw, (max-width: 1071px) 543px, 580px\" \/><\/figure>\n\n\n\n<p><\/p>\n","protected":false},"excerpt":{"rendered":"<p>Je suis partie comme interpr\u00e8te en polono-russo-ukrainien avec Convois Solidaires de Franche-Comt\u00e9 et ai r\u00e9ussi \u00e0 faire traverser la fronti\u00e8re polono-ukrainienne apr\u00e8s 1 heure d&rsquo;attente (au lieu des 10 heures annonc\u00e9es) aux 6 v\u00e9hicules qui se dirigeaient essentiellement \u00e0 Odessa pour livrer du mat\u00e9riel de secours \u00e0 un h\u00f4pital de cette ville, \u00e9loign\u00e9e de Lviv &hellip; <\/p>\n<p class=\"link-more\"><a href=\"https:\/\/comte-baltique-amour.fr\/index.php\/humanitaire-en-ukraine-lviv\/\" class=\"more-link\">Continuer la lecture<span class=\"screen-reader-text\"> de &laquo;&nbsp;Humanitaire en Ukraine : LVIV&nbsp;&raquo;<\/span><\/a><\/p>\n","protected":false},"author":1,"featured_media":0,"parent":0,"menu_order":0,"comment_status":"closed","ping_status":"closed","template":"","meta":{"footnotes":""},"class_list":["post-870","page","type-page","status-publish","hentry"],"_links":{"self":[{"href":"https:\/\/comte-baltique-amour.fr\/index.php\/wp-json\/wp\/v2\/pages\/870","targetHints":{"allow":["GET"]}}],"collection":[{"href":"https:\/\/comte-baltique-amour.fr\/index.php\/wp-json\/wp\/v2\/pages"}],"about":[{"href":"https:\/\/comte-baltique-amour.fr\/index.php\/wp-json\/wp\/v2\/types\/page"}],"author":[{"embeddable":true,"href":"https:\/\/comte-baltique-amour.fr\/index.php\/wp-json\/wp\/v2\/users\/1"}],"replies":[{"embeddable":true,"href":"https:\/\/comte-baltique-amour.fr\/index.php\/wp-json\/wp\/v2\/comments?post=870"}],"version-history":[{"count":7,"href":"https:\/\/comte-baltique-amour.fr\/index.php\/wp-json\/wp\/v2\/pages\/870\/revisions"}],"predecessor-version":[{"id":887,"href":"https:\/\/comte-baltique-amour.fr\/index.php\/wp-json\/wp\/v2\/pages\/870\/revisions\/887"}],"wp:attachment":[{"href":"https:\/\/comte-baltique-amour.fr\/index.php\/wp-json\/wp\/v2\/media?parent=870"}],"curies":[{"name":"wp","href":"https:\/\/api.w.org\/{rel}","templated":true}]}}